{"id":16928,"date":"2025-01-18T12:14:32","date_gmt":"2025-01-18T15:14:32","guid":{"rendered":"https:\/\/kdosh.net\/edu\/?page_id=16928"},"modified":"2025-01-23T13:39:58","modified_gmt":"2025-01-23T16:39:58","slug":"carrinho","status":"publish","type":"page","link":"https:\/\/kdosh.net\/edu\/carrinho\/","title":{"rendered":"\ud83d\uded2 Carrinho"},"content":{"rendered":"\n","protected":false},"excerpt":{"rendered":"","protected":false},"author":1,"featured_media":0,"parent":0,"menu_order":0,"comment_status":"closed","ping_status":"closed","template":"","meta":{"footnotes":""},"class_list":["post-16928","page","type-page","status-publish","hentry"],"yoast_head":"<!-- This site is optimized with the Yoast SEO plugin v26.4 - https:\/\/yoast.com\/wordpress\/plugins\/seo\/ -->\n<title>\ud83d\uded2 Carrinho - Kdosh<\/title>\n<meta name=\"robots\" content=\"index, follow, max-snippet:-1, max-image-preview:large, max-video-preview:-1\" \/>\n<link rel=\"canonical\" href=\"https:\/\/kdosh.net\/edu\/carrinho\/\" \/>\n<meta property=\"og:locale\" content=\"pt_BR\" \/>\n<meta property=\"og:type\" content=\"article\" \/>\n<meta property=\"og:title\" content=\"\ud83d\uded2 Carrinho - Kdosh\" \/>\n<meta property=\"og:url\" content=\"https:\/\/kdosh.net\/edu\/carrinho\/\" \/>\n<meta property=\"og:site_name\" content=\"Kdosh\" \/>\n<meta property=\"article:modified_time\" content=\"2025-01-23T16:39:58+00:00\" \/>\n<meta name=\"twitter:card\" content=\"summary_large_image\" \/>\n<meta name=\"twitter:label1\" content=\"Est. tempo de leitura\" \/>\n\t<meta name=\"twitter:data1\" content=\"1 minuto\" \/>\n<script type=\"application\/ld+json\" class=\"yoast-schema-graph\">{\"@context\":\"https:\/\/schema.org\",\"@graph\":[{\"@type\":\"WebPage\",\"@id\":\"https:\/\/kdosh.net\/edu\/carrinho\/\",\"url\":\"https:\/\/kdosh.net\/edu\/carrinho\/\",\"name\":\"\ud83d\uded2 Carrinho - Kdosh\",\"isPartOf\":{\"@id\":\"https:\/\/kdosh.net\/edu\/#website\"},\"datePublished\":\"2025-01-18T15:14:32+00:00\",\"dateModified\":\"2025-01-23T16:39:58+00:00\",\"breadcrumb\":{\"@id\":\"https:\/\/kdosh.net\/edu\/carrinho\/#breadcrumb\"},\"inLanguage\":\"pt-BR\",\"potentialAction\":[{\"@type\":\"ReadAction\",\"target\":[\"https:\/\/kdosh.net\/edu\/carrinho\/\"]}]},{\"@type\":\"BreadcrumbList\",\"@id\":\"https:\/\/kdosh.net\/edu\/carrinho\/#breadcrumb\",\"itemListElement\":[{\"@type\":\"ListItem\",\"position\":1,\"name\":\"In\u00edcio\",\"item\":\"https:\/\/kdosh.net\/edu\/\"},{\"@type\":\"ListItem\",\"position\":2,\"name\":\"\ud83d\uded2 Carrinho\"}]},{\"@type\":\"WebSite\",\"@id\":\"https:\/\/kdosh.net\/edu\/#website\",\"url\":\"https:\/\/kdosh.net\/edu\/\",\"name\":\"Kdosh\",\"description\":\"Educa\u00e7\u00e3o Crist\u00e3\",\"potentialAction\":[{\"@type\":\"SearchAction\",\"target\":{\"@type\":\"EntryPoint\",\"urlTemplate\":\"https:\/\/kdosh.net\/edu\/?s={search_term_string}\"},\"query-input\":{\"@type\":\"PropertyValueSpecification\",\"valueRequired\":true,\"valueName\":\"search_term_string\"}}],\"inLanguage\":\"pt-BR\"}]}<\/script>\n<!-- \/ Yoast SEO plugin. -->","yoast_head_json":{"title":"\ud83d\uded2 Carrinho - Kdosh","robots":{"index":"index","follow":"follow","max-snippet":"max-snippet:-1","max-image-preview":"max-image-preview:large","max-video-preview":"max-video-preview:-1"},"canonical":"https:\/\/kdosh.net\/edu\/carrinho\/","og_locale":"pt_BR","og_type":"article","og_title":"\ud83d\uded2 Carrinho - Kdosh","og_url":"https:\/\/kdosh.net\/edu\/carrinho\/","og_site_name":"Kdosh","article_modified_time":"2025-01-23T16:39:58+00:00","twitter_card":"summary_large_image","twitter_misc":{"Est. tempo de leitura":"1 minuto"},"schema":{"@context":"https:\/\/schema.org","@graph":[{"@type":"WebPage","@id":"https:\/\/kdosh.net\/edu\/carrinho\/","url":"https:\/\/kdosh.net\/edu\/carrinho\/","name":"\ud83d\uded2 Carrinho - Kdosh","isPartOf":{"@id":"https:\/\/kdosh.net\/edu\/#website"},"datePublished":"2025-01-18T15:14:32+00:00","dateModified":"2025-01-23T16:39:58+00:00","breadcrumb":{"@id":"https:\/\/kdosh.net\/edu\/carrinho\/#breadcrumb"},"inLanguage":"pt-BR","potentialAction":[{"@type":"ReadAction","target":["https:\/\/kdosh.net\/edu\/carrinho\/"]}]},{"@type":"BreadcrumbList","@id":"https:\/\/kdosh.net\/edu\/carrinho\/#breadcrumb","itemListElement":[{"@type":"ListItem","position":1,"name":"In\u00edcio","item":"https:\/\/kdosh.net\/edu\/"},{"@type":"ListItem","position":2,"name":"\ud83d\uded2 Carrinho"}]},{"@type":"WebSite","@id":"https:\/\/kdosh.net\/edu\/#website","url":"https:\/\/kdosh.net\/edu\/","name":"Kdosh","description":"Educa\u00e7\u00e3o Crist\u00e3","potentialAction":[{"@type":"SearchAction","target":{"@type":"EntryPoint","urlTemplate":"https:\/\/kdosh.net\/edu\/?s={search_term_string}"},"query-input":{"@type":"PropertyValueSpecification","valueRequired":true,"valueName":"search_term_string"}}],"inLanguage":"pt-BR"}]}},"_links":{"self":[{"href":"https:\/\/kdosh.net\/edu\/wp-json\/wp\/v2\/pages\/16928","targetHints":{"allow":["GET"]}}],"collection":[{"href":"https:\/\/kdosh.net\/edu\/wp-json\/wp\/v2\/pages"}],"about":[{"href":"https:\/\/kdosh.net\/edu\/wp-json\/wp\/v2\/types\/page"}],"author":[{"embeddable":true,"href":"https:\/\/kdosh.net\/edu\/wp-json\/wp\/v2\/users\/1"}],"replies":[{"embeddable":true,"href":"https:\/\/kdosh.net\/edu\/wp-json\/wp\/v2\/comments?post=16928"}],"version-history":[{"count":4,"href":"https:\/\/kdosh.net\/edu\/wp-json\/wp\/v2\/pages\/16928\/revisions"}],"predecessor-version":[{"id":17060,"href":"https:\/\/kdosh.net\/edu\/wp-json\/wp\/v2\/pages\/16928\/revisions\/17060"}],"wp:attachment":[{"href":"https:\/\/kdosh.net\/edu\/wp-json\/wp\/v2\/media?parent=16928"}],"curies":[{"name":"wp","href":"https:\/\/api.w.org\/{rel}","templated":true}]}}