{"id":2958,"date":"2015-11-20T10:22:44","date_gmt":"2015-11-20T10:22:44","guid":{"rendered":"http:\/\/demo.thimpress.com\/eduma\/?page_id=2958"},"modified":"2025-01-10T12:32:43","modified_gmt":"2025-01-10T15:32:43","slug":"account","status":"publish","type":"page","link":"https:\/\/kdosh.net\/edu\/account\/","title":{"rendered":"Minha Conta"},"content":{"rendered":"<div class=\"wpb-content-wrapper\"><p>[vc_row][vc_column width=&#8221;1\/3&#8243;][\/vc_column][vc_column width=&#8221;1\/3&#8243;]<div class=\"thim-widget-login-form template-base\">\n<div id=\"thim-form-login\">\n\t<div class=\"thim-login-container\">\n\t\t<div class=\"thim-login form-submission-login\">\n\t\t\t<h2 class=\"title\">Entre para continuar seus estudos!<\/h2>\n\t\t\t<form name=\"loginform\" action=\"https:\/\/kdosh.net\/edu\/wp-login.php\"\n\t\t\t\tmethod=\"post\" novalidate>\n\t\t\t\t<p class=\"login-username\">\n\t\t\t\t\t<input type=\"text\" name=\"log\" placeholder=\"E-mail\"\n\t\t\t\t\t\tclass=\"input required\" size=\"20\" aria-label=\"E-mail\"\/>\n\t\t\t\t<\/p>\n\t\t\t\t<p class=\"login-password\">\n\t\t\t\t\t<input type=\"password\" name=\"pwd\" placeholder=\"Senha\"\n\t\t\t\t\t\tclass=\"input required\" value=\"\" size=\"20\" aria-label=\"Senha\"\/>\n\t\t\t\t<\/p>\n\t\t\t\t\t\t\t\t<style type=\"text\/css\" media=\"screen\">\n\t\t\t\t\t.login-action-login #loginform,\n\t\t\t\t\t.login-action-lostpassword #lostpasswordform,\n\t\t\t\t\t.login-action-register #registerform {\n\t\t\t\t\t\twidth: 302px !important;\n\t\t\t\t\t}\n\t\t\t\t\t#login_error,\n\t\t\t\t\t.message {\n\t\t\t\t\t\twidth: 322px !important;\n\t\t\t\t\t}\n\t\t\t\t\t.login-action-login #loginform .gglcptch,\n\t\t\t\t\t.login-action-lostpassword #lostpasswordform .gglcptch,\n\t\t\t\t\t.login-action-register #registerform .gglcptch {\n\t\t\t\t\t\tmargin-bottom: 10px;\n\t\t\t\t\t}\n\t\t\t\t<\/style>\n\t\t\t\t<div class=\"gglcptch gglcptch_v2\"><div id=\"gglcptch_recaptcha_1712284381\" class=\"gglcptch_recaptcha\"><\/div>\n\t\t\t\t<noscript>\n\t\t\t\t\t<div style=\"width: 302px;\">\n\t\t\t\t\t\t<div style=\"width: 302px; height: 422px; position: relative;\">\n\t\t\t\t\t\t\t<div style=\"width: 302px; height: 422px; position: absolute;\">\n\t\t\t\t\t\t\t\t<iframe src=\"https:\/\/www.google.com\/recaptcha\/api\/fallback?k=6LeWz80pAAAAABfcpqWPAYW8XjIGWu9j4UrVsONE\" frameborder=\"0\" scrolling=\"no\" style=\"width: 302px; height:422px; border-style: none;\"><\/iframe>\n\t\t\t\t\t\t\t<\/div>\n\t\t\t\t\t\t<\/div>\n\t\t\t\t\t\t<div style=\"border-style: none; bottom: 12px; left: 25px; margin: 0px; padding: 0px; right: 25px; background: #f9f9f9; border: 1px solid #c1c1c1; border-radius: 3px; height: 60px; width: 300px;\">\n\t\t\t\t\t\t\t<input type=\"hidden\" id=\"g-recaptcha-response\" name=\"g-recaptcha-response\" class=\"g-recaptcha-response\" style=\"width: 250px !important; height: 40px !important; border: 1px solid #c1c1c1 !important; margin: 10px 25px !important; padding: 0px !important; resize: none !important;\">\n\t\t\t\t\t\t<\/div>\n\t\t\t\t\t<\/div>\n\t\t\t\t<\/noscript><\/div>\t\t\t\t\t\t\t\t<a class=\"lost-pass-link\" href=\"https:\/\/kdosh.net\/edu\/account\/?action=lostpassword\" title=\"Lost Password\">N\u00e3o sabe sua senha?<\/a>\t\t\t\t<p class=\"forgetmenot login-remember\">\n\t\t\t\t\t<label for=\"rememberMe\">\n\t\t\t\t\t\t<input name=\"rememberme\" type=\"checkbox\" id=\"rememberMe\"\n\t\t\t\t\t\t\tvalue=\"forever\"\/> Lembrar\t\t\t\t\t<\/label>\n\t\t\t\t<\/p>\n\t\t\t\t<p class=\"submit login-submit\">\n\t\t\t\t\t<input type=\"submit\" name=\"wp-submit\" class=\"button button-primary button-large\"\n\t\t\t\t\t\tvalue=\"Entrar\"\/>\n\t\t\t\t\t<input type=\"hidden\" name=\"redirect_to\"\n\t\t\t\t\t\tvalue=\"https:\/\/kdosh.net\/edu\/wp-json\/wp\/v2\/pages\/2958\"\/>\n\t\t\t\t\t<input type=\"hidden\" name=\"testcookie\" value=\"1\"\/>\n\t\t\t\t\t<input type=\"hidden\" name=\"eduma_login_user\">\n\t\t\t\t<\/p>\n\t\t\t<\/form>\n\t\t\t<p class=\"link-bottom\">Ainda n\u00e3o \u00e9 membro? <a href=\"https:\/\/kdosh.net\/edu\/account\/?action=register\">Cadastre-se!<\/a><\/p>\t\t<\/div>\n\t<\/div>\n<\/div>\n\n<\/div>[\/vc_column][vc_column width=&#8221;1\/3&#8243;][\/vc_column][\/vc_row]<\/p>\n<\/div>","protected":false},"excerpt":{"rendered":"<p>[vc_row][vc_column width=&#8221;1\/3&#8243;][\/vc_column][vc_column width=&#8221;1\/3&#8243;][\/vc_column][vc_column width=&#8221;1\/3&#8243;][\/vc_column][\/vc_row]<\/p>\n","protected":false},"author":1,"featured_media":0,"parent":0,"menu_order":0,"comment_status":"closed","ping_status":"closed","template":"","meta":{"footnotes":""},"class_list":["post-2958","page","type-page","status-publish","hentry"],"yoast_head":"<!-- This site is optimized with the Yoast SEO plugin v26.4 - https:\/\/yoast.com\/wordpress\/plugins\/seo\/ -->\n<title>Minha Conta - Kdosh<\/title>\n<meta name=\"robots\" content=\"index, follow, max-snippet:-1, max-image-preview:large, max-video-preview:-1\" \/>\n<link rel=\"canonical\" href=\"https:\/\/kdosh.net\/edu\/account\/\" \/>\n<meta property=\"og:locale\" content=\"pt_BR\" \/>\n<meta property=\"og:type\" content=\"article\" \/>\n<meta property=\"og:title\" content=\"Minha Conta - Kdosh\" \/>\n<meta property=\"og:description\" content=\"[vc_row][vc_column width=&#8221;1\/3&#8243;][\/vc_column][vc_column width=&#8221;1\/3&#8243;][\/vc_column][vc_column width=&#8221;1\/3&#8243;][\/vc_column][\/vc_row]\" \/>\n<meta property=\"og:url\" content=\"https:\/\/kdosh.net\/edu\/account\/\" \/>\n<meta property=\"og:site_name\" content=\"Kdosh\" \/>\n<meta property=\"article:modified_time\" content=\"2025-01-10T15:32:43+00:00\" \/>\n<meta name=\"twitter:card\" content=\"summary_large_image\" \/>\n<meta name=\"twitter:label1\" content=\"Est. tempo de leitura\" \/>\n\t<meta name=\"twitter:data1\" content=\"1 minuto\" \/>\n<script type=\"application\/ld+json\" class=\"yoast-schema-graph\">{\"@context\":\"https:\/\/schema.org\",\"@graph\":[{\"@type\":\"WebPage\",\"@id\":\"https:\/\/kdosh.net\/edu\/account\/\",\"url\":\"https:\/\/kdosh.net\/edu\/account\/\",\"name\":\"Minha Conta - Kdosh\",\"isPartOf\":{\"@id\":\"https:\/\/kdosh.net\/edu\/#website\"},\"datePublished\":\"2015-11-20T10:22:44+00:00\",\"dateModified\":\"2025-01-10T15:32:43+00:00\",\"breadcrumb\":{\"@id\":\"https:\/\/kdosh.net\/edu\/account\/#breadcrumb\"},\"inLanguage\":\"pt-BR\",\"potentialAction\":[{\"@type\":\"ReadAction\",\"target\":[\"https:\/\/kdosh.net\/edu\/account\/\"]}]},{\"@type\":\"BreadcrumbList\",\"@id\":\"https:\/\/kdosh.net\/edu\/account\/#breadcrumb\",\"itemListElement\":[{\"@type\":\"ListItem\",\"position\":1,\"name\":\"In\u00edcio\",\"item\":\"https:\/\/kdosh.net\/edu\/\"},{\"@type\":\"ListItem\",\"position\":2,\"name\":\"Minha Conta\"}]},{\"@type\":\"WebSite\",\"@id\":\"https:\/\/kdosh.net\/edu\/#website\",\"url\":\"https:\/\/kdosh.net\/edu\/\",\"name\":\"Kdosh\",\"description\":\"Educa\u00e7\u00e3o Crist\u00e3\",\"potentialAction\":[{\"@type\":\"SearchAction\",\"target\":{\"@type\":\"EntryPoint\",\"urlTemplate\":\"https:\/\/kdosh.net\/edu\/?s={search_term_string}\"},\"query-input\":{\"@type\":\"PropertyValueSpecification\",\"valueRequired\":true,\"valueName\":\"search_term_string\"}}],\"inLanguage\":\"pt-BR\"}]}<\/script>\n<!-- \/ Yoast SEO plugin. -->","yoast_head_json":{"title":"Minha Conta - Kdosh","robots":{"index":"index","follow":"follow","max-snippet":"max-snippet:-1","max-image-preview":"max-image-preview:large","max-video-preview":"max-video-preview:-1"},"canonical":"https:\/\/kdosh.net\/edu\/account\/","og_locale":"pt_BR","og_type":"article","og_title":"Minha Conta - Kdosh","og_description":"[vc_row][vc_column width=&#8221;1\/3&#8243;][\/vc_column][vc_column width=&#8221;1\/3&#8243;][\/vc_column][vc_column width=&#8221;1\/3&#8243;][\/vc_column][\/vc_row]","og_url":"https:\/\/kdosh.net\/edu\/account\/","og_site_name":"Kdosh","article_modified_time":"2025-01-10T15:32:43+00:00","twitter_card":"summary_large_image","twitter_misc":{"Est. tempo de leitura":"1 minuto"},"schema":{"@context":"https:\/\/schema.org","@graph":[{"@type":"WebPage","@id":"https:\/\/kdosh.net\/edu\/account\/","url":"https:\/\/kdosh.net\/edu\/account\/","name":"Minha Conta - Kdosh","isPartOf":{"@id":"https:\/\/kdosh.net\/edu\/#website"},"datePublished":"2015-11-20T10:22:44+00:00","dateModified":"2025-01-10T15:32:43+00:00","breadcrumb":{"@id":"https:\/\/kdosh.net\/edu\/account\/#breadcrumb"},"inLanguage":"pt-BR","potentialAction":[{"@type":"ReadAction","target":["https:\/\/kdosh.net\/edu\/account\/"]}]},{"@type":"BreadcrumbList","@id":"https:\/\/kdosh.net\/edu\/account\/#breadcrumb","itemListElement":[{"@type":"ListItem","position":1,"name":"In\u00edcio","item":"https:\/\/kdosh.net\/edu\/"},{"@type":"ListItem","position":2,"name":"Minha Conta"}]},{"@type":"WebSite","@id":"https:\/\/kdosh.net\/edu\/#website","url":"https:\/\/kdosh.net\/edu\/","name":"Kdosh","description":"Educa\u00e7\u00e3o Crist\u00e3","potentialAction":[{"@type":"SearchAction","target":{"@type":"EntryPoint","urlTemplate":"https:\/\/kdosh.net\/edu\/?s={search_term_string}"},"query-input":{"@type":"PropertyValueSpecification","valueRequired":true,"valueName":"search_term_string"}}],"inLanguage":"pt-BR"}]}},"_links":{"self":[{"href":"https:\/\/kdosh.net\/edu\/wp-json\/wp\/v2\/pages\/2958","targetHints":{"allow":["GET"]}}],"collection":[{"href":"https:\/\/kdosh.net\/edu\/wp-json\/wp\/v2\/pages"}],"about":[{"href":"https:\/\/kdosh.net\/edu\/wp-json\/wp\/v2\/types\/page"}],"author":[{"embeddable":true,"href":"https:\/\/kdosh.net\/edu\/wp-json\/wp\/v2\/users\/1"}],"replies":[{"embeddable":true,"href":"https:\/\/kdosh.net\/edu\/wp-json\/wp\/v2\/comments?post=2958"}],"version-history":[{"count":7,"href":"https:\/\/kdosh.net\/edu\/wp-json\/wp\/v2\/pages\/2958\/revisions"}],"predecessor-version":[{"id":16631,"href":"https:\/\/kdosh.net\/edu\/wp-json\/wp\/v2\/pages\/2958\/revisions\/16631"}],"wp:attachment":[{"href":"https:\/\/kdosh.net\/edu\/wp-json\/wp\/v2\/media?parent=2958"}],"curies":[{"name":"wp","href":"https:\/\/api.w.org\/{rel}","templated":true}]}}