{"id":145,"date":"2013-06-07T11:37:23","date_gmt":"2013-06-07T11:37:23","guid":{"rendered":"http:\/\/demo2.woothemes.com\/woocommerce\/?post_type=product&#038;p=96"},"modified":"2025-01-19T06:31:01","modified_gmt":"2025-01-19T09:31:01","slug":"manual-de-estudo-do-hebraico-biblico","status":"publish","type":"product","link":"https:\/\/kdosh.net\/edu\/produto\/manual-de-estudo-do-hebraico-biblico\/","title":{"rendered":"Manual de Estudo do Hebraico B\u00edblico"},"content":{"rendered":"<p>Descri\u00e7\u00e3o do produto<\/p>\n","protected":false},"excerpt":{"rendered":"<p>Breve descri\u00e7\u00e3o sobre o produto<\/p>\n","protected":false},"featured_media":16950,"template":"","meta":[],"product_brand":[],"product_cat":[25],"product_tag":[],"class_list":{"0":"post-145","1":"product","2":"type-product","3":"status-publish","4":"has-post-thumbnail","6":"product_cat-livros","8":"first","9":"instock","10":"featured","11":"taxable","12":"shipping-taxable","13":"purchasable","14":"product-type-simple"},"yoast_head":"<!-- This site is optimized with the Yoast SEO plugin v26.4 - https:\/\/yoast.com\/wordpress\/plugins\/seo\/ -->\n<title>Manual de Estudo do Hebraico B\u00edblico - Kdosh<\/title>\n<meta name=\"description\" content=\"Manual de Estudo do Hebraico B\u00edblico - Neto Andrade\" \/>\n<meta name=\"robots\" content=\"index, follow, max-snippet:-1, max-image-preview:large, max-video-preview:-1\" \/>\n<link rel=\"canonical\" href=\"https:\/\/kdosh.net\/edu\/produto\/manual-de-estudo-do-hebraico-biblico\/\" \/>\n<meta property=\"og:locale\" content=\"pt_BR\" \/>\n<meta property=\"og:type\" content=\"article\" \/>\n<meta property=\"og:title\" content=\"Manual de Estudo do Hebraico B\u00edblico - Kdosh\" \/>\n<meta property=\"og:description\" content=\"Manual de Estudo do Hebraico B\u00edblico - Neto Andrade\" \/>\n<meta property=\"og:url\" content=\"https:\/\/kdosh.net\/edu\/produto\/manual-de-estudo-do-hebraico-biblico\/\" \/>\n<meta property=\"og:site_name\" content=\"Kdosh\" \/>\n<meta property=\"article:modified_time\" content=\"2025-01-19T09:31:01+00:00\" \/>\n<meta property=\"og:image\" content=\"https:\/\/kdosh.net\/edu\/wp-content\/uploads\/2013\/06\/1737223654.png\" \/>\n\t<meta property=\"og:image:width\" content=\"1500\" \/>\n\t<meta property=\"og:image:height\" content=\"1383\" \/>\n\t<meta property=\"og:image:type\" content=\"image\/png\" \/>\n<meta name=\"twitter:card\" content=\"summary_large_image\" \/>\n<meta name=\"twitter:label1\" content=\"Est. tempo de leitura\" \/>\n\t<meta name=\"twitter:data1\" content=\"1 minuto\" \/>\n<script type=\"application\/ld+json\" class=\"yoast-schema-graph\">{\"@context\":\"https:\/\/schema.org\",\"@graph\":[{\"@type\":\"WebPage\",\"@id\":\"https:\/\/kdosh.net\/edu\/produto\/manual-de-estudo-do-hebraico-biblico\/\",\"url\":\"https:\/\/kdosh.net\/edu\/produto\/manual-de-estudo-do-hebraico-biblico\/\",\"name\":\"Manual de Estudo do Hebraico B\u00edblico - Kdosh\",\"isPartOf\":{\"@id\":\"https:\/\/kdosh.net\/edu\/#website\"},\"primaryImageOfPage\":{\"@id\":\"https:\/\/kdosh.net\/edu\/produto\/manual-de-estudo-do-hebraico-biblico\/#primaryimage\"},\"image\":{\"@id\":\"https:\/\/kdosh.net\/edu\/produto\/manual-de-estudo-do-hebraico-biblico\/#primaryimage\"},\"thumbnailUrl\":\"https:\/\/kdosh.net\/edu\/wp-content\/uploads\/2013\/06\/1737223654.png\",\"datePublished\":\"2013-06-07T11:37:23+00:00\",\"dateModified\":\"2025-01-19T09:31:01+00:00\",\"description\":\"Manual de Estudo do Hebraico B\u00edblico - Neto Andrade\",\"breadcrumb\":{\"@id\":\"https:\/\/kdosh.net\/edu\/produto\/manual-de-estudo-do-hebraico-biblico\/#breadcrumb\"},\"inLanguage\":\"pt-BR\",\"potentialAction\":[{\"@type\":\"ReadAction\",\"target\":[\"https:\/\/kdosh.net\/edu\/produto\/manual-de-estudo-do-hebraico-biblico\/\"]}]},{\"@type\":\"ImageObject\",\"inLanguage\":\"pt-BR\",\"@id\":\"https:\/\/kdosh.net\/edu\/produto\/manual-de-estudo-do-hebraico-biblico\/#primaryimage\",\"url\":\"https:\/\/kdosh.net\/edu\/wp-content\/uploads\/2013\/06\/1737223654.png\",\"contentUrl\":\"https:\/\/kdosh.net\/edu\/wp-content\/uploads\/2013\/06\/1737223654.png\",\"width\":1500,\"height\":1383},{\"@type\":\"BreadcrumbList\",\"@id\":\"https:\/\/kdosh.net\/edu\/produto\/manual-de-estudo-do-hebraico-biblico\/#breadcrumb\",\"itemListElement\":[{\"@type\":\"ListItem\",\"position\":1,\"name\":\"In\u00edcio\",\"item\":\"https:\/\/kdosh.net\/edu\/\"},{\"@type\":\"ListItem\",\"position\":2,\"name\":\"Loja\",\"item\":\"https:\/\/kdosh.net\/edu\/loja\/\"},{\"@type\":\"ListItem\",\"position\":3,\"name\":\"Manual de Estudo do Hebraico B\u00edblico\"}]},{\"@type\":\"WebSite\",\"@id\":\"https:\/\/kdosh.net\/edu\/#website\",\"url\":\"https:\/\/kdosh.net\/edu\/\",\"name\":\"Kdosh\",\"description\":\"Educa\u00e7\u00e3o Crist\u00e3\",\"potentialAction\":[{\"@type\":\"SearchAction\",\"target\":{\"@type\":\"EntryPoint\",\"urlTemplate\":\"https:\/\/kdosh.net\/edu\/?s={search_term_string}\"},\"query-input\":{\"@type\":\"PropertyValueSpecification\",\"valueRequired\":true,\"valueName\":\"search_term_string\"}}],\"inLanguage\":\"pt-BR\"}]}<\/script>\n<!-- \/ Yoast SEO plugin. -->","yoast_head_json":{"title":"Manual de Estudo do Hebraico B\u00edblico - Kdosh","description":"Manual de Estudo do Hebraico B\u00edblico - Neto Andrade","robots":{"index":"index","follow":"follow","max-snippet":"max-snippet:-1","max-image-preview":"max-image-preview:large","max-video-preview":"max-video-preview:-1"},"canonical":"https:\/\/kdosh.net\/edu\/produto\/manual-de-estudo-do-hebraico-biblico\/","og_locale":"pt_BR","og_type":"article","og_title":"Manual de Estudo do Hebraico B\u00edblico - Kdosh","og_description":"Manual de Estudo do Hebraico B\u00edblico - Neto Andrade","og_url":"https:\/\/kdosh.net\/edu\/produto\/manual-de-estudo-do-hebraico-biblico\/","og_site_name":"Kdosh","article_modified_time":"2025-01-19T09:31:01+00:00","og_image":[{"width":1500,"height":1383,"url":"https:\/\/kdosh.net\/edu\/wp-content\/uploads\/2013\/06\/1737223654.png","type":"image\/png"}],"twitter_card":"summary_large_image","twitter_misc":{"Est. tempo de leitura":"1 minuto"},"schema":{"@context":"https:\/\/schema.org","@graph":[{"@type":"WebPage","@id":"https:\/\/kdosh.net\/edu\/produto\/manual-de-estudo-do-hebraico-biblico\/","url":"https:\/\/kdosh.net\/edu\/produto\/manual-de-estudo-do-hebraico-biblico\/","name":"Manual de Estudo do Hebraico B\u00edblico - Kdosh","isPartOf":{"@id":"https:\/\/kdosh.net\/edu\/#website"},"primaryImageOfPage":{"@id":"https:\/\/kdosh.net\/edu\/produto\/manual-de-estudo-do-hebraico-biblico\/#primaryimage"},"image":{"@id":"https:\/\/kdosh.net\/edu\/produto\/manual-de-estudo-do-hebraico-biblico\/#primaryimage"},"thumbnailUrl":"https:\/\/kdosh.net\/edu\/wp-content\/uploads\/2013\/06\/1737223654.png","datePublished":"2013-06-07T11:37:23+00:00","dateModified":"2025-01-19T09:31:01+00:00","description":"Manual de Estudo do Hebraico B\u00edblico - Neto Andrade","breadcrumb":{"@id":"https:\/\/kdosh.net\/edu\/produto\/manual-de-estudo-do-hebraico-biblico\/#breadcrumb"},"inLanguage":"pt-BR","potentialAction":[{"@type":"ReadAction","target":["https:\/\/kdosh.net\/edu\/produto\/manual-de-estudo-do-hebraico-biblico\/"]}]},{"@type":"ImageObject","inLanguage":"pt-BR","@id":"https:\/\/kdosh.net\/edu\/produto\/manual-de-estudo-do-hebraico-biblico\/#primaryimage","url":"https:\/\/kdosh.net\/edu\/wp-content\/uploads\/2013\/06\/1737223654.png","contentUrl":"https:\/\/kdosh.net\/edu\/wp-content\/uploads\/2013\/06\/1737223654.png","width":1500,"height":1383},{"@type":"BreadcrumbList","@id":"https:\/\/kdosh.net\/edu\/produto\/manual-de-estudo-do-hebraico-biblico\/#breadcrumb","itemListElement":[{"@type":"ListItem","position":1,"name":"In\u00edcio","item":"https:\/\/kdosh.net\/edu\/"},{"@type":"ListItem","position":2,"name":"Loja","item":"https:\/\/kdosh.net\/edu\/loja\/"},{"@type":"ListItem","position":3,"name":"Manual de Estudo do Hebraico B\u00edblico"}]},{"@type":"WebSite","@id":"https:\/\/kdosh.net\/edu\/#website","url":"https:\/\/kdosh.net\/edu\/","name":"Kdosh","description":"Educa\u00e7\u00e3o Crist\u00e3","potentialAction":[{"@type":"SearchAction","target":{"@type":"EntryPoint","urlTemplate":"https:\/\/kdosh.net\/edu\/?s={search_term_string}"},"query-input":{"@type":"PropertyValueSpecification","valueRequired":true,"valueName":"search_term_string"}}],"inLanguage":"pt-BR"}]}},"_links":{"self":[{"href":"https:\/\/kdosh.net\/edu\/wp-json\/wp\/v2\/product\/145","targetHints":{"allow":["GET"]}}],"collection":[{"href":"https:\/\/kdosh.net\/edu\/wp-json\/wp\/v2\/product"}],"about":[{"href":"https:\/\/kdosh.net\/edu\/wp-json\/wp\/v2\/types\/product"}],"wp:featuredmedia":[{"embeddable":true,"href":"https:\/\/kdosh.net\/edu\/wp-json\/wp\/v2\/media\/16950"}],"wp:attachment":[{"href":"https:\/\/kdosh.net\/edu\/wp-json\/wp\/v2\/media?parent=145"}],"wp:term":[{"taxonomy":"product_brand","embeddable":true,"href":"https:\/\/kdosh.net\/edu\/wp-json\/wp\/v2\/product_brand?post=145"},{"taxonomy":"product_cat","embeddable":true,"href":"https:\/\/kdosh.net\/edu\/wp-json\/wp\/v2\/product_cat?post=145"},{"taxonomy":"product_tag","embeddable":true,"href":"https:\/\/kdosh.net\/edu\/wp-json\/wp\/v2\/product_tag?post=145"}],"curies":[{"name":"wp","href":"https:\/\/api.w.org\/{rel}","templated":true}]}}