{"id":16973,"date":"2025-01-19T01:37:37","date_gmt":"2025-01-19T04:37:37","guid":{"rendered":"https:\/\/kdosh.net\/edu\/?post_type=product&#038;p=16973"},"modified":"2025-01-19T01:41:08","modified_gmt":"2025-01-19T04:41:08","slug":"manual-de-interpretacao-biblica","status":"publish","type":"product","link":"https:\/\/kdosh.net\/edu\/produto\/manual-de-interpretacao-biblica\/","title":{"rendered":"Manual de Interpreta\u00e7\u00e3o B\u00edblica"},"content":{"rendered":"<p>Descri\u00e7\u00e3o do produto<\/p>\n","protected":false},"excerpt":{"rendered":"<p>Breve descri\u00e7\u00e3o sobre o produto<\/p>\n","protected":false},"featured_media":16974,"template":"","meta":[],"product_brand":[],"product_cat":[25],"product_tag":[],"class_list":{"0":"post-16973","1":"product","2":"type-product","3":"status-publish","4":"has-post-thumbnail","6":"product_cat-livros","8":"first","9":"instock","10":"taxable","11":"shipping-taxable","12":"purchasable","13":"product-type-simple"},"yoast_head":"<!-- This site is optimized with the Yoast SEO plugin v26.4 - https:\/\/yoast.com\/wordpress\/plugins\/seo\/ -->\n<title>Manual de Interpreta\u00e7\u00e3o B\u00edblica - Kdosh<\/title>\n<meta name=\"robots\" content=\"index, follow, max-snippet:-1, max-image-preview:large, max-video-preview:-1\" \/>\n<link rel=\"canonical\" href=\"https:\/\/kdosh.net\/edu\/produto\/manual-de-interpretacao-biblica\/\" \/>\n<meta property=\"og:locale\" content=\"pt_BR\" \/>\n<meta property=\"og:type\" content=\"article\" \/>\n<meta property=\"og:title\" content=\"Manual de Interpreta\u00e7\u00e3o B\u00edblica - Kdosh\" \/>\n<meta property=\"og:description\" content=\"Breve descri\u00e7\u00e3o sobre o produto\" \/>\n<meta property=\"og:url\" content=\"https:\/\/kdosh.net\/edu\/produto\/manual-de-interpretacao-biblica\/\" \/>\n<meta property=\"og:site_name\" content=\"Kdosh\" \/>\n<meta property=\"article:modified_time\" content=\"2025-01-19T04:41:08+00:00\" \/>\n<meta property=\"og:image\" content=\"https:\/\/kdosh.net\/edu\/wp-content\/uploads\/2025\/01\/manual-de-interpretacao-biblica-netoandrade.png\" \/>\n\t<meta property=\"og:image:width\" content=\"1500\" \/>\n\t<meta property=\"og:image:height\" content=\"1150\" \/>\n\t<meta property=\"og:image:type\" content=\"image\/png\" \/>\n<meta name=\"twitter:card\" content=\"summary_large_image\" \/>\n<meta name=\"twitter:label1\" content=\"Est. tempo de leitura\" \/>\n\t<meta name=\"twitter:data1\" content=\"1 minuto\" \/>\n<script type=\"application\/ld+json\" class=\"yoast-schema-graph\">{\"@context\":\"https:\/\/schema.org\",\"@graph\":[{\"@type\":\"WebPage\",\"@id\":\"https:\/\/kdosh.net\/edu\/produto\/manual-de-interpretacao-biblica\/\",\"url\":\"https:\/\/kdosh.net\/edu\/produto\/manual-de-interpretacao-biblica\/\",\"name\":\"Manual de Interpreta\u00e7\u00e3o B\u00edblica - Kdosh\",\"isPartOf\":{\"@id\":\"https:\/\/kdosh.net\/edu\/#website\"},\"primaryImageOfPage\":{\"@id\":\"https:\/\/kdosh.net\/edu\/produto\/manual-de-interpretacao-biblica\/#primaryimage\"},\"image\":{\"@id\":\"https:\/\/kdosh.net\/edu\/produto\/manual-de-interpretacao-biblica\/#primaryimage\"},\"thumbnailUrl\":\"https:\/\/kdosh.net\/edu\/wp-content\/uploads\/2025\/01\/manual-de-interpretacao-biblica-netoandrade.png\",\"datePublished\":\"2025-01-19T04:37:37+00:00\",\"dateModified\":\"2025-01-19T04:41:08+00:00\",\"breadcrumb\":{\"@id\":\"https:\/\/kdosh.net\/edu\/produto\/manual-de-interpretacao-biblica\/#breadcrumb\"},\"inLanguage\":\"pt-BR\",\"potentialAction\":[{\"@type\":\"ReadAction\",\"target\":[\"https:\/\/kdosh.net\/edu\/produto\/manual-de-interpretacao-biblica\/\"]}]},{\"@type\":\"ImageObject\",\"inLanguage\":\"pt-BR\",\"@id\":\"https:\/\/kdosh.net\/edu\/produto\/manual-de-interpretacao-biblica\/#primaryimage\",\"url\":\"https:\/\/kdosh.net\/edu\/wp-content\/uploads\/2025\/01\/manual-de-interpretacao-biblica-netoandrade.png\",\"contentUrl\":\"https:\/\/kdosh.net\/edu\/wp-content\/uploads\/2025\/01\/manual-de-interpretacao-biblica-netoandrade.png\",\"width\":1500,\"height\":1150,\"caption\":\"Manual de Interpreta\u00e7\u00e3o B\u00edblica - Neto Andrade\"},{\"@type\":\"BreadcrumbList\",\"@id\":\"https:\/\/kdosh.net\/edu\/produto\/manual-de-interpretacao-biblica\/#breadcrumb\",\"itemListElement\":[{\"@type\":\"ListItem\",\"position\":1,\"name\":\"In\u00edcio\",\"item\":\"https:\/\/kdosh.net\/edu\/\"},{\"@type\":\"ListItem\",\"position\":2,\"name\":\"Loja\",\"item\":\"https:\/\/kdosh.net\/edu\/loja\/\"},{\"@type\":\"ListItem\",\"position\":3,\"name\":\"Manual de Interpreta\u00e7\u00e3o B\u00edblica\"}]},{\"@type\":\"WebSite\",\"@id\":\"https:\/\/kdosh.net\/edu\/#website\",\"url\":\"https:\/\/kdosh.net\/edu\/\",\"name\":\"Kdosh\",\"description\":\"Educa\u00e7\u00e3o Crist\u00e3\",\"potentialAction\":[{\"@type\":\"SearchAction\",\"target\":{\"@type\":\"EntryPoint\",\"urlTemplate\":\"https:\/\/kdosh.net\/edu\/?s={search_term_string}\"},\"query-input\":{\"@type\":\"PropertyValueSpecification\",\"valueRequired\":true,\"valueName\":\"search_term_string\"}}],\"inLanguage\":\"pt-BR\"}]}<\/script>\n<!-- \/ Yoast SEO plugin. -->","yoast_head_json":{"title":"Manual de Interpreta\u00e7\u00e3o B\u00edblica - Kdosh","robots":{"index":"index","follow":"follow","max-snippet":"max-snippet:-1","max-image-preview":"max-image-preview:large","max-video-preview":"max-video-preview:-1"},"canonical":"https:\/\/kdosh.net\/edu\/produto\/manual-de-interpretacao-biblica\/","og_locale":"pt_BR","og_type":"article","og_title":"Manual de Interpreta\u00e7\u00e3o B\u00edblica - Kdosh","og_description":"Breve descri\u00e7\u00e3o sobre o produto","og_url":"https:\/\/kdosh.net\/edu\/produto\/manual-de-interpretacao-biblica\/","og_site_name":"Kdosh","article_modified_time":"2025-01-19T04:41:08+00:00","og_image":[{"width":1500,"height":1150,"url":"https:\/\/kdosh.net\/edu\/wp-content\/uploads\/2025\/01\/manual-de-interpretacao-biblica-netoandrade.png","type":"image\/png"}],"twitter_card":"summary_large_image","twitter_misc":{"Est. tempo de leitura":"1 minuto"},"schema":{"@context":"https:\/\/schema.org","@graph":[{"@type":"WebPage","@id":"https:\/\/kdosh.net\/edu\/produto\/manual-de-interpretacao-biblica\/","url":"https:\/\/kdosh.net\/edu\/produto\/manual-de-interpretacao-biblica\/","name":"Manual de Interpreta\u00e7\u00e3o B\u00edblica - Kdosh","isPartOf":{"@id":"https:\/\/kdosh.net\/edu\/#website"},"primaryImageOfPage":{"@id":"https:\/\/kdosh.net\/edu\/produto\/manual-de-interpretacao-biblica\/#primaryimage"},"image":{"@id":"https:\/\/kdosh.net\/edu\/produto\/manual-de-interpretacao-biblica\/#primaryimage"},"thumbnailUrl":"https:\/\/kdosh.net\/edu\/wp-content\/uploads\/2025\/01\/manual-de-interpretacao-biblica-netoandrade.png","datePublished":"2025-01-19T04:37:37+00:00","dateModified":"2025-01-19T04:41:08+00:00","breadcrumb":{"@id":"https:\/\/kdosh.net\/edu\/produto\/manual-de-interpretacao-biblica\/#breadcrumb"},"inLanguage":"pt-BR","potentialAction":[{"@type":"ReadAction","target":["https:\/\/kdosh.net\/edu\/produto\/manual-de-interpretacao-biblica\/"]}]},{"@type":"ImageObject","inLanguage":"pt-BR","@id":"https:\/\/kdosh.net\/edu\/produto\/manual-de-interpretacao-biblica\/#primaryimage","url":"https:\/\/kdosh.net\/edu\/wp-content\/uploads\/2025\/01\/manual-de-interpretacao-biblica-netoandrade.png","contentUrl":"https:\/\/kdosh.net\/edu\/wp-content\/uploads\/2025\/01\/manual-de-interpretacao-biblica-netoandrade.png","width":1500,"height":1150,"caption":"Manual de Interpreta\u00e7\u00e3o B\u00edblica - Neto Andrade"},{"@type":"BreadcrumbList","@id":"https:\/\/kdosh.net\/edu\/produto\/manual-de-interpretacao-biblica\/#breadcrumb","itemListElement":[{"@type":"ListItem","position":1,"name":"In\u00edcio","item":"https:\/\/kdosh.net\/edu\/"},{"@type":"ListItem","position":2,"name":"Loja","item":"https:\/\/kdosh.net\/edu\/loja\/"},{"@type":"ListItem","position":3,"name":"Manual de Interpreta\u00e7\u00e3o B\u00edblica"}]},{"@type":"WebSite","@id":"https:\/\/kdosh.net\/edu\/#website","url":"https:\/\/kdosh.net\/edu\/","name":"Kdosh","description":"Educa\u00e7\u00e3o Crist\u00e3","potentialAction":[{"@type":"SearchAction","target":{"@type":"EntryPoint","urlTemplate":"https:\/\/kdosh.net\/edu\/?s={search_term_string}"},"query-input":{"@type":"PropertyValueSpecification","valueRequired":true,"valueName":"search_term_string"}}],"inLanguage":"pt-BR"}]}},"_links":{"self":[{"href":"https:\/\/kdosh.net\/edu\/wp-json\/wp\/v2\/product\/16973","targetHints":{"allow":["GET"]}}],"collection":[{"href":"https:\/\/kdosh.net\/edu\/wp-json\/wp\/v2\/product"}],"about":[{"href":"https:\/\/kdosh.net\/edu\/wp-json\/wp\/v2\/types\/product"}],"wp:featuredmedia":[{"embeddable":true,"href":"https:\/\/kdosh.net\/edu\/wp-json\/wp\/v2\/media\/16974"}],"wp:attachment":[{"href":"https:\/\/kdosh.net\/edu\/wp-json\/wp\/v2\/media?parent=16973"}],"wp:term":[{"taxonomy":"product_brand","embeddable":true,"href":"https:\/\/kdosh.net\/edu\/wp-json\/wp\/v2\/product_brand?post=16973"},{"taxonomy":"product_cat","embeddable":true,"href":"https:\/\/kdosh.net\/edu\/wp-json\/wp\/v2\/product_cat?post=16973"},{"taxonomy":"product_tag","embeddable":true,"href":"https:\/\/kdosh.net\/edu\/wp-json\/wp\/v2\/product_tag?post=16973"}],"curies":[{"name":"wp","href":"https:\/\/api.w.org\/{rel}","templated":true}]}}